{"id":1201,"date":"2017-07-06T15:00:27","date_gmt":"2017-07-06T13:00:27","guid":{"rendered":"http:\/\/dev.palmgarden.info\/?page_id=1201\/"},"modified":"2018-08-18T13:21:18","modified_gmt":"2018-08-18T11:21:18","slug":"home","status":"publish","type":"page","link":"https:\/\/palmgarden.info\/fr\/","title":{"rendered":"Home"},"content":{"rendered":"\t<div class=\"pixcode  pixcode--grid  grid\" >\n\t\t\n<h2 id=\"restaurant\">JARDIN PLAISIR<\/h2>\n<h3>Palm Garden. Bienvenue dans le jardin d\u2019\u00c9den.<\/h3>\n<p>&nbsp;<\/p>\n\t<div class=\"island grid__item six-twelfths palm-one-whole\" >\n\t\t\n<p style=\"text-align: center;\">Notre restaurant bien-\u00eatre est situ\u00e9 dans le Badeparadies Schwarzwald. Profitez d\u2019une ambiance exotique et oubliez votre quotidien sous les palmiers. Votre voyage d\u00e9bute avec un l\u00e9ger petit-d\u00e9jeuner sur notre terrasse carib\u00e9enne. Ensuite, vous pourrez choisir vos plats pr\u00e9f\u00e9r\u00e9s \u00e0 nos stations de frontcooking. Nous les pr\u00e9parerons devant vos yeux. Notre bar-caf\u00e9 vous proposera des desserts, de d\u00e9licieux g\u00e2teaux et des sp\u00e9cialit\u00e9s de glaces.<\/p>\n<p style=\"text-align: center;\">La vie peut \u00eatre si belle.<\/p>\n<p>&nbsp;<\/p>\n<p style=\"text-align: center;\"><a id=\"button1\" class=\"pixcode  pixcode--btn  btn  btn--text\" href=\"\/wp-content\/uploads\/2018\/08\/speisekarte-palmgarden-2018-franz-symbole.pdf\" >Manger comme un Dieu au Titisee.<\/a>\n<p>&nbsp;<\/p>\n<p>&nbsp;<\/p>\n\t<\/div>\n\t<div class=\"grid__item six-twelfths palm-one-whole\" >\n\t\t\n<p style=\"text-align: center;\"><img loading=\"lazy\" class=\"wp-image-1142 size-large aligncenter\" src=\"https:\/\/www.palmgarden.info\/wp-content\/uploads\/2014\/05\/01_palm_restaurant-res-1024x622.jpg\" alt=\"\" width=\"960\" height=\"583\" srcset=\"https:\/\/palmgarden.info\/wp-content\/uploads\/2014\/05\/01_palm_restaurant-res-1024x622.jpg 1024w, https:\/\/palmgarden.info\/wp-content\/uploads\/2014\/05\/01_palm_restaurant-res-300x182.jpg 300w, https:\/\/palmgarden.info\/wp-content\/uploads\/2014\/05\/01_palm_restaurant-res-768x466.jpg 768w, https:\/\/palmgarden.info\/wp-content\/uploads\/2014\/05\/01_palm_restaurant-res-1200x729.jpg 1200w, https:\/\/palmgarden.info\/wp-content\/uploads\/2014\/05\/01_palm_restaurant-res-900x547.jpg 900w, https:\/\/palmgarden.info\/wp-content\/uploads\/2014\/05\/01_palm_restaurant-res-400x243.jpg 400w, https:\/\/palmgarden.info\/wp-content\/uploads\/2014\/05\/01_palm_restaurant-res.jpg 1800w\" sizes=\"(max-width: 960px) 100vw, 960px\" \/><\/p>\n\t<\/div>\n\t<\/div>\n\n<p>&nbsp;<\/p>\n<p>&nbsp;<\/p>\n<div class=\"pixcode  pixcode--separator  separator separator--line-flower separator_color--color\">\n<div class=\"line  line--left\"><\/div>\n<div class=\"line  line--right\"><\/div>\n<div class=\"star\">&#10043;<\/div>\n<div class=\"arrows\">\n<div class=\"arrow arrow--left\"><\/div>\n<div class=\"arrow arrow--right\"><\/div>\n<\/div>\n<\/div>\n\n<p>&nbsp;<\/p>\n<p>&nbsp;<\/p>\n\t<div class=\"pixcode  pixcode--grid  grid\" >\n\t\t\n<h2 id=\"bar\">JARDIN PARADISIAQUE<\/h2>\n<h3>Bar de piscine. Rafraichissement pour le corps et l\u2019esprit.<\/h3>\n<p>&nbsp;<\/p>\n\t<div class=\"grid__item six-twelfths palm-one-whole\" >\n\t\t\n<p><img loading=\"lazy\" class=\"wp-image-1143 size-large aligncenter\" src=\"https:\/\/www.palmgarden.info\/wp-content\/uploads\/2014\/05\/02-palm-pool-1024x621.jpg\" alt=\"\" width=\"960\" height=\"582\" srcset=\"https:\/\/palmgarden.info\/wp-content\/uploads\/2014\/05\/02-palm-pool-1024x621.jpg 1024w, https:\/\/palmgarden.info\/wp-content\/uploads\/2014\/05\/02-palm-pool-300x182.jpg 300w, https:\/\/palmgarden.info\/wp-content\/uploads\/2014\/05\/02-palm-pool-768x466.jpg 768w, https:\/\/palmgarden.info\/wp-content\/uploads\/2014\/05\/02-palm-pool-1200x728.jpg 1200w, https:\/\/palmgarden.info\/wp-content\/uploads\/2014\/05\/02-palm-pool-900x546.jpg 900w, https:\/\/palmgarden.info\/wp-content\/uploads\/2014\/05\/02-palm-pool-400x243.jpg 400w, https:\/\/palmgarden.info\/wp-content\/uploads\/2014\/05\/02-palm-pool.jpg 1600w\" sizes=\"(max-width: 960px) 100vw, 960px\" \/><\/p>\n<p>&nbsp;<\/p>\n\t<\/div>\n\t<div class=\"island grid__item six-twelfths palm-one-whole\" >\n\t\t\n<p style=\"text-align: center;\">Dans notre bar de piscine, vous serez totalement dans votre \u00e9l\u00e9ment : l\u2019eau. Dans les grands bassins int\u00e9rieurs et ext\u00e9rieurs, vous pourrez vous relaxer dans une agr\u00e9able ambiance de vacances. D\u00e9gustez les p\u00e9tillants mousseux de la r\u00e9gion. Faites-vous mixer des cocktails exotiques ou laissez-vous surprendre par nos longdrinks cr\u00e9atifs. De l\u2019eau chaude sur la peau et une boisson fra\u00eeche dans la main&#8230;<\/p>\n<p style=\"text-align: center;\">Une certaine id\u00e9e du bonheur.<\/p>\n<p>&nbsp;<\/p>\n<p style=\"text-align: center;\"><a id=\"button2\" class=\"pixcode  pixcode--btn  btn  btn--text\" href=\"\/wp-content\/uploads\/2017\/07\/drinks-palmgarden.pdf\" >Pour le bien-\u00eatre<\/a>\n<p>&nbsp;<\/p>\n\t<\/div>\n\t<\/div>\n\n<p>&nbsp;<\/p>\n<p>&nbsp;<\/p>\n<div class=\"pixcode  pixcode--separator  separator separator--line-flower separator_color--color\">\n<div class=\"line  line--left\"><\/div>\n<div class=\"line  line--right\"><\/div>\n<div class=\"star\">&#10043;<\/div>\n<div class=\"arrows\">\n<div class=\"arrow arrow--left\"><\/div>\n<div class=\"arrow arrow--right\"><\/div>\n<\/div>\n<\/div>\n\n","protected":false},"excerpt":{"rendered":"<p>&nbsp; &nbsp; &nbsp; &nbsp; &nbsp; &nbsp;<\/p>\n","protected":false},"author":3,"featured_media":1138,"parent":0,"menu_order":0,"comment_status":"closed","ping_status":"closed","template":"","meta":[],"_links":{"self":[{"href":"https:\/\/palmgarden.info\/fr\/wp-json\/wp\/v2\/pages\/1201"}],"collection":[{"href":"https:\/\/palmgarden.info\/fr\/wp-json\/wp\/v2\/pages"}],"about":[{"href":"https:\/\/palmgarden.info\/fr\/wp-json\/wp\/v2\/types\/page"}],"author":[{"embeddable":true,"href":"https:\/\/palmgarden.info\/fr\/wp-json\/wp\/v2\/users\/3"}],"replies":[{"embeddable":true,"href":"https:\/\/palmgarden.info\/fr\/wp-json\/wp\/v2\/comments?post=1201"}],"version-history":[{"count":6,"href":"https:\/\/palmgarden.info\/fr\/wp-json\/wp\/v2\/pages\/1201\/revisions"}],"predecessor-version":[{"id":1354,"href":"https:\/\/palmgarden.info\/fr\/wp-json\/wp\/v2\/pages\/1201\/revisions\/1354"}],"wp:featuredmedia":[{"embeddable":true,"href":"https:\/\/palmgarden.info\/fr\/wp-json\/wp\/v2\/media\/1138"}],"wp:attachment":[{"href":"https:\/\/palmgarden.info\/fr\/wp-json\/wp\/v2\/media?parent=1201"}],"curies":[{"name":"wp","href":"https:\/\/api.w.org\/{rel}","templated":true}]}}